{"id":69,"date":"2020-04-02T14:13:44","date_gmt":"2020-04-02T14:13:44","guid":{"rendered":"http:\/\/localhost\/horizont\/?page_id=69"},"modified":"2025-01-21T16:59:08","modified_gmt":"2025-01-21T16:59:08","slug":"naslovna","status":"publish","type":"page","link":"https:\/\/brodhorizont.rs\/en\/","title":{"rendered":"Front page"},"content":{"rendered":"","protected":false},"excerpt":{"rendered":"","protected":false},"author":1,"featured_media":1461,"parent":0,"menu_order":0,"comment_status":"closed","ping_status":"closed","template":"template-naslovna.php","meta":[],"categories":[],"tags":[],"yoast_head":"<!-- This site is optimized with the Yoast SEO plugin v19.14 - https:\/\/yoast.com\/wordpress\/plugins\/seo\/ -->\n<title>Brod Horizont Beograd - Va\u0161e mesto za u\u017eivanje<\/title>\n<meta name=\"description\" content=\"Plovidba na luksuznom brodu uz panoramu Beograda je savr\u0161en na\u010din da obele\u017eite poseban dan na reci. Brod Horizont vas \u010deka.\" \/>\n<meta name=\"robots\" content=\"index, follow, max-snippet:-1, max-image-preview:large, max-video-preview:-1\" \/>\n<link rel=\"canonical\" href=\"https:\/\/brodhorizont.rs\/en\/\" \/>\n<meta property=\"og:locale\" content=\"en_GB\" \/>\n<meta property=\"og:type\" content=\"article\" \/>\n<meta property=\"og:title\" content=\"Brod Horizont\" \/>\n<meta property=\"og:description\" content=\"Proslava na luksuznom brodu uz panoramu Beograda je savr\u0161en na\u010din da obele\u017eite svoj poseban dan, organizujete korporativni doga\u0111aj ili jednostavno u\u017eivate u opu\u0161tenom popodnevu.\" \/>\n<meta property=\"og:url\" content=\"https:\/\/brodhorizont.rs\/en\/\" \/>\n<meta property=\"og:site_name\" content=\"Horizont\" \/>\n<meta property=\"article:modified_time\" content=\"2025-01-21T16:59:08+00:00\" \/>\n<meta property=\"og:image\" content=\"https:\/\/brodhorizont.rs\/wp-content\/uploads\/2022\/06\/brod-horizont-og.jpg\" \/>\n\t<meta property=\"og:image:width\" content=\"1200\" \/>\n\t<meta property=\"og:image:height\" content=\"630\" \/>\n\t<meta property=\"og:image:type\" content=\"image\/jpeg\" \/>\n<meta name=\"twitter:card\" content=\"summary_large_image\" \/>\n<meta name=\"twitter:title\" content=\"Brod Horizont\" \/>\n<meta name=\"twitter:description\" content=\"Proslava na luksuznom brodu uz panoramu Beograda je savr\u0161en na\u010din da obele\u017eite svoj poseban dan, organizujete korporativni doga\u0111aj ili jednostavno u\u017eivate u opu\u0161tenom popodnevu.\" \/>\n<meta name=\"twitter:image\" content=\"https:\/\/brodhorizont.rs\/wp-content\/uploads\/2021\/05\/01-Brod-Horizont-286x238-1.png\" \/>\n<script type=\"application\/ld+json\" class=\"yoast-schema-graph\">{\"@context\":\"https:\/\/schema.org\",\"@graph\":[{\"@type\":\"WebPage\",\"@id\":\"https:\/\/brodhorizont.rs\/en\/\",\"url\":\"https:\/\/brodhorizont.rs\/en\/\",\"name\":\"Brod Horizont Beograd - Va\u0161e mesto za u\u017eivanje\",\"isPartOf\":{\"@id\":\"https:\/\/brodhorizont.rs\/#website\"},\"datePublished\":\"2020-04-02T14:13:44+00:00\",\"dateModified\":\"2025-01-21T16:59:08+00:00\",\"description\":\"Plovidba na luksuznom brodu uz panoramu Beograda je savr\u0161en na\u010din da obele\u017eite poseban dan na reci. Brod Horizont vas \u010deka.\",\"breadcrumb\":{\"@id\":\"https:\/\/brodhorizont.rs\/en\/#breadcrumb\"},\"inLanguage\":\"en-GB\",\"potentialAction\":[{\"@type\":\"ReadAction\",\"target\":[\"https:\/\/brodhorizont.rs\/en\/\"]}]},{\"@type\":\"BreadcrumbList\",\"@id\":\"https:\/\/brodhorizont.rs\/en\/#breadcrumb\",\"itemListElement\":[{\"@type\":\"ListItem\",\"position\":1,\"name\":\"\u041f\u043e\u0447\u0435\u0442\u043d\u0430\",\"item\":\"https:\/\/brodhorizont.rs\/en\/\"},{\"@type\":\"ListItem\",\"position\":2,\"name\":\"Front page\"}]},{\"@type\":\"WebSite\",\"@id\":\"https:\/\/brodhorizont.rs\/#website\",\"url\":\"https:\/\/brodhorizont.rs\/\",\"name\":\"Horizont\",\"description\":\"Zaplovite Horizontom\",\"publisher\":{\"@id\":\"https:\/\/brodhorizont.rs\/#organization\"},\"potentialAction\":[{\"@type\":\"SearchAction\",\"target\":{\"@type\":\"EntryPoint\",\"urlTemplate\":\"https:\/\/brodhorizont.rs\/?s={search_term_string}\"},\"query-input\":\"required name=search_term_string\"}],\"inLanguage\":\"en-GB\"},{\"@type\":\"Organization\",\"@id\":\"https:\/\/brodhorizont.rs\/#organization\",\"name\":\"Horizont\",\"url\":\"https:\/\/brodhorizont.rs\/\",\"logo\":{\"@type\":\"ImageObject\",\"inLanguage\":\"en-GB\",\"@id\":\"https:\/\/brodhorizont.rs\/#\/schema\/logo\/image\/\",\"url\":\"https:\/\/brodhorizont.rs\/wp-content\/uploads\/2020\/04\/cropped-logo.png\",\"contentUrl\":\"https:\/\/brodhorizont.rs\/wp-content\/uploads\/2020\/04\/cropped-logo.png\",\"width\":336,\"height\":96,\"caption\":\"Horizont\"},\"image\":{\"@id\":\"https:\/\/brodhorizont.rs\/#\/schema\/logo\/image\/\"}}]}<\/script>\n<!-- \/ Yoast SEO plugin. -->","yoast_head_json":{"title":"Brod Horizont Beograd - Va\u0161e mesto za u\u017eivanje","description":"Plovidba na luksuznom brodu uz panoramu Beograda je savr\u0161en na\u010din da obele\u017eite poseban dan na reci. Brod Horizont vas \u010deka.","robots":{"index":"index","follow":"follow","max-snippet":"max-snippet:-1","max-image-preview":"max-image-preview:large","max-video-preview":"max-video-preview:-1"},"canonical":"https:\/\/brodhorizont.rs\/en\/","og_locale":"en_GB","og_type":"article","og_title":"Brod Horizont","og_description":"Proslava na luksuznom brodu uz panoramu Beograda je savr\u0161en na\u010din da obele\u017eite svoj poseban dan, organizujete korporativni doga\u0111aj ili jednostavno u\u017eivate u opu\u0161tenom popodnevu.","og_url":"https:\/\/brodhorizont.rs\/en\/","og_site_name":"Horizont","article_modified_time":"2025-01-21T16:59:08+00:00","og_image":[{"width":1200,"height":630,"url":"https:\/\/brodhorizont.rs\/wp-content\/uploads\/2022\/06\/brod-horizont-og.jpg","type":"image\/jpeg"}],"twitter_card":"summary_large_image","twitter_title":"Brod Horizont","twitter_description":"Proslava na luksuznom brodu uz panoramu Beograda je savr\u0161en na\u010din da obele\u017eite svoj poseban dan, organizujete korporativni doga\u0111aj ili jednostavno u\u017eivate u opu\u0161tenom popodnevu.","twitter_image":"https:\/\/brodhorizont.rs\/wp-content\/uploads\/2021\/05\/01-Brod-Horizont-286x238-1.png","schema":{"@context":"https:\/\/schema.org","@graph":[{"@type":"WebPage","@id":"https:\/\/brodhorizont.rs\/en\/","url":"https:\/\/brodhorizont.rs\/en\/","name":"Brod Horizont Beograd - Va\u0161e mesto za u\u017eivanje","isPartOf":{"@id":"https:\/\/brodhorizont.rs\/#website"},"datePublished":"2020-04-02T14:13:44+00:00","dateModified":"2025-01-21T16:59:08+00:00","description":"Plovidba na luksuznom brodu uz panoramu Beograda je savr\u0161en na\u010din da obele\u017eite poseban dan na reci. Brod Horizont vas \u010deka.","breadcrumb":{"@id":"https:\/\/brodhorizont.rs\/en\/#breadcrumb"},"inLanguage":"en-GB","potentialAction":[{"@type":"ReadAction","target":["https:\/\/brodhorizont.rs\/en\/"]}]},{"@type":"BreadcrumbList","@id":"https:\/\/brodhorizont.rs\/en\/#breadcrumb","itemListElement":[{"@type":"ListItem","position":1,"name":"\u041f\u043e\u0447\u0435\u0442\u043d\u0430","item":"https:\/\/brodhorizont.rs\/en\/"},{"@type":"ListItem","position":2,"name":"Front page"}]},{"@type":"WebSite","@id":"https:\/\/brodhorizont.rs\/#website","url":"https:\/\/brodhorizont.rs\/","name":"Horizont","description":"Zaplovite Horizontom","publisher":{"@id":"https:\/\/brodhorizont.rs\/#organization"},"potentialAction":[{"@type":"SearchAction","target":{"@type":"EntryPoint","urlTemplate":"https:\/\/brodhorizont.rs\/?s={search_term_string}"},"query-input":"required name=search_term_string"}],"inLanguage":"en-GB"},{"@type":"Organization","@id":"https:\/\/brodhorizont.rs\/#organization","name":"Horizont","url":"https:\/\/brodhorizont.rs\/","logo":{"@type":"ImageObject","inLanguage":"en-GB","@id":"https:\/\/brodhorizont.rs\/#\/schema\/logo\/image\/","url":"https:\/\/brodhorizont.rs\/wp-content\/uploads\/2020\/04\/cropped-logo.png","contentUrl":"https:\/\/brodhorizont.rs\/wp-content\/uploads\/2020\/04\/cropped-logo.png","width":336,"height":96,"caption":"Horizont"},"image":{"@id":"https:\/\/brodhorizont.rs\/#\/schema\/logo\/image\/"}}]}},"_links":{"self":[{"href":"https:\/\/brodhorizont.rs\/en\/wp-json\/wp\/v2\/pages\/69"}],"collection":[{"href":"https:\/\/brodhorizont.rs\/en\/wp-json\/wp\/v2\/pages"}],"about":[{"href":"https:\/\/brodhorizont.rs\/en\/wp-json\/wp\/v2\/types\/page"}],"author":[{"embeddable":true,"href":"https:\/\/brodhorizont.rs\/en\/wp-json\/wp\/v2\/users\/1"}],"replies":[{"embeddable":true,"href":"https:\/\/brodhorizont.rs\/en\/wp-json\/wp\/v2\/comments?post=69"}],"version-history":[{"count":135,"href":"https:\/\/brodhorizont.rs\/en\/wp-json\/wp\/v2\/pages\/69\/revisions"}],"predecessor-version":[{"id":1574,"href":"https:\/\/brodhorizont.rs\/en\/wp-json\/wp\/v2\/pages\/69\/revisions\/1574"}],"wp:featuredmedia":[{"embeddable":true,"href":"https:\/\/brodhorizont.rs\/en\/wp-json\/wp\/v2\/media\/1461"}],"wp:attachment":[{"href":"https:\/\/brodhorizont.rs\/en\/wp-json\/wp\/v2\/media?parent=69"}],"wp:term":[{"taxonomy":"category","embeddable":true,"href":"https:\/\/brodhorizont.rs\/en\/wp-json\/wp\/v2\/categories?post=69"},{"taxonomy":"post_tag","embeddable":true,"href":"https:\/\/brodhorizont.rs\/en\/wp-json\/wp\/v2\/tags?post=69"}],"curies":[{"name":"wp","href":"https:\/\/api.w.org\/{rel}","templated":true}]}}